{"id":2141,"date":"2025-07-24T14:40:00","date_gmt":"2025-07-24T14:40:00","guid":{"rendered":"https:\/\/www.jhs.com.pt\/politique-de-confidentialite\/"},"modified":"2026-03-05T15:10:30","modified_gmt":"2026-03-05T15:10:30","slug":"politique-de-confidentialite","status":"publish","type":"page","link":"https:\/\/www.jhs.com.pt\/fr\/politique-de-confidentialite\/","title":{"rendered":"Politique de Confidentialit\u00e9"},"content":{"rendered":"<p>[et_pb_section fb_built=&#8221;1&#8243; _builder_version=&#8221;4.27.4&#8243; _module_preset=&#8221;default&#8221; global_colors_info=&#8221;{}&#8221;][et_pb_row _builder_version=&#8221;4.27.4&#8243; _module_preset=&#8221;default&#8221; global_colors_info=&#8221;{}&#8221;][et_pb_column type=&#8221;4_4&#8243; _builder_version=&#8221;4.27.4&#8243; _module_preset=&#8221;default&#8221; global_colors_info=&#8221;{}&#8221;][et_pb_text _builder_version=&#8221;4.27.4&#8243; _module_preset=&#8221;default&#8221; hover_enabled=&#8221;0&#8243; global_colors_info=&#8221;{}&#8221; sticky_enabled=&#8221;0&#8243;]<\/p>\n<h1>Politique de Confidentialit\u00e9<\/h1>\n<p>Ce document d\u00e9crit les r\u00e8gles appliqu\u00e9es \u00e0 la collecte et au traitement des donn\u00e9es personnelles par jhs.pt. Il constitue une base r\u00e9glementaire et un compl\u00e9ment \u00e0 toute clause stipul\u00e9e par les clients lors de la fourniture de services, conform\u00e9ment aux dispositions l\u00e9gales en vigueur. Dans ce document, les termes Client et\/ou Utilisateur sont utilis\u00e9s pour d\u00e9signer le propri\u00e9taire des donn\u00e9es personnelles.  <\/p>\n<p>En fournissant vos donn\u00e9es, vous consentez et d\u00e9clarez que:<\/p>\n<ul>\n<li>Vous avez 18 ans ou plus ;<\/li>\n<li>Vous acceptez la collecte, le traitement et l\u2019utilisation de vos donn\u00e9es personnelles conform\u00e9ment aux termes d\u00e9crits dans ce document.<\/li>\n<\/ul>\n<p><strong>1) Identification de l\u2019entit\u00e9 responsable<\/strong><\/p>\n<p>jhs.pt est une entreprise disposant d\u2019une vaste exp\u00e9rience dans l\u2019industrie de la m\u00e9tallurgie et des secteurs associ\u00e9s, dont le si\u00e8ge est situ\u00e9 \u00e0: Rua Ant\u00f3nio Jord\u00e3o Marques, n\u00ba 20, 3105-165 Matos da Vila, Louri\u00e7al, Portugal<\/p>\n<p>Contact par email: geral@jhs.com.pt<\/p>\n<p><strong>2) Propri\u00e9t\u00e9 intellectuelle<\/strong><\/p>\n<p>Toutes les informations et contenus pr\u00e9sents sur notre site web \u2014 textes, images de toute nature et vid\u00e9os \u2014 sont la propri\u00e9t\u00e9 de jhs.pt, sauf lorsque le contenu est express\u00e9ment indiqu\u00e9 comme appartenant \u00e0 un tiers.<\/p>\n<p><strong>3) Finalit\u00e9 de la collecte des donn\u00e9es personnelles<\/strong><\/p>\n<p>Informer les clients\/utilisateurs qui remplissent un formulaire des nouveaux services ou d\u2019autres informations pertinentes.<\/p>\n<p>Effectuer un traitement statistique des informations afin de d\u00e9velopper des solutions d\u2019am\u00e9lioration par jhs.pt.<\/p>\n<p><strong>4) Donn\u00e9es collect\u00e9es<\/strong><\/p>\n<p>jhs.pt collecte les noms et adresses e-mail via un formulaire, uniquement aux fins mentionn\u00e9es \u00e0 la section 3. Les utilisateurs peuvent demander l\u2019annulation de leur abonnement et\/ou la suppression de toutes les donn\u00e9es stock\u00e9es, sauf lorsque ces donn\u00e9es doivent \u00eatre conserv\u00e9es pour des raisons l\u00e9gales et\/ou de s\u00e9curit\u00e9. <\/p>\n<p><strong>5) Droit d\u2019acc\u00e8s, de rectification et de portabilit\u00e9 des donn\u00e9es personnelles<\/strong><\/p>\n<p>Les personnes concern\u00e9es ont le droit d\u2019acc\u00e9der, de rectifier, de transf\u00e9rer ou de supprimer leurs donn\u00e9es personnelles \u00e0 tout moment.<br \/>Ces droits peuvent \u00eatre exerc\u00e9s par \u00e9crit en envoyant un e-mail \u00e0 geral@jhs.com.pt ou par courrier postal \u00e0 notre si\u00e8ge:<br \/>Rua Ant\u00f3nio Jord\u00e3o Marques, n\u00ba 20, 3105-165 Matos da Vila, Louri\u00e7al, Portugal<\/p>\n<p><strong>6) Utilisation des donn\u00e9es en dehors du Portugal<\/strong><\/p>\n<p>jhs.pt ne partage pas vos donn\u00e9es avec des tiers ou des entit\u00e9s situ\u00e9es \u00e0 l\u2019\u00e9tranger. La seule exception concerne le traitement des donn\u00e9es par un service externe (par exemple, Google ou services de newsletter). Dans ces cas, seuls des services r\u00e9put\u00e9s et s\u00e9curis\u00e9s sont utilis\u00e9s.  <\/p>\n<p><strong>7) Liens vers des sites externes (hyperliens)<\/strong><\/p>\n<p>Le site jhs.pt contient des liens vers d\u2019autres sites web qui ne sont pas sous la responsabilit\u00e9 de jhs.pt. Les utilisateurs sont seuls responsables de leur navigation et doivent v\u00e9rifier les politiques de confidentialit\u00e9 des sites vers lesquels ils sont redirig\u00e9s. <\/p>\n<p><strong>8) S\u00e9curit\u00e9 et cryptage des donn\u00e9es<\/strong><\/p>\n<p>Chaque fois que des informations sensibles sont collect\u00e9es ou utilis\u00e9es, elles sont crypt\u00e9es via SSL (Secure Sockets Layer).<br \/>Gr\u00e2ce au protocole SSL, qui prot\u00e8ge la transmission de donn\u00e9es sensibles sur Internet, toutes les informations sont trait\u00e9es avec une s\u00e9curit\u00e9 maximale. Votre confidentialit\u00e9 est prot\u00e9g\u00e9e et le risque d\u2019interception des donn\u00e9es pendant la communication est enti\u00e8rement r\u00e9duit. <\/p>\n<p>Pour toute question concernant la s\u00e9curit\u00e9 et la confidentialit\u00e9 fournies par jhs.pt, veuillez nous contacter \u00e0 geral@jhs.com.pt ou par courrier \u00e0 :<br \/>Rua Ant\u00f3nio Jord\u00e3o Marques, n\u00ba 20, 3105-165 Matos da Vila, Louri\u00e7al, Portugal<\/p>\n<p><strong>9) Acc\u00e8s au site web<\/strong><\/p>\n<p>L\u2019acc\u00e8s et la navigation sur le site jhs.pt sont gratuits mais d\u00e9pendent de l\u2019acceptation des r\u00e8gles d\u00e9crites dans cette politique.<br \/>L\u2019acc\u00e8s peut \u00eatre temporairement suspendu sans pr\u00e9avis pour les mises \u00e0 jour ou modifications n\u00e9cessaires.<\/p>\n<p><strong>10) Consid\u00e9rations finales<\/strong><\/p>\n<p>jhs.pt se r\u00e9serve le droit de modifier ses termes, conditions et politique de confidentialit\u00e9 sans pr\u00e9avis. Il est conseill\u00e9 de les consulter r\u00e9guli\u00e8rement. <\/p>\n<p>La navigation sur ce site implique la connaissance et l\u2019acceptation de ces r\u00e8gles et directives. Restez inform\u00e9 et naviguez en toute s\u00e9curit\u00e9. <\/p>\n<p>[\/et_pb_text][\/et_pb_column][\/et_pb_row][\/et_pb_section]<\/p>\n","protected":false},"excerpt":{"rendered":"<p>Politique de Confidentialit\u00e9 Ce document d\u00e9crit les r\u00e8gles appliqu\u00e9es \u00e0 la collecte et au traitement des donn\u00e9es personnelles par jhs.pt. Il constitue une base r\u00e9glementaire et un compl\u00e9ment \u00e0 toute clause stipul\u00e9e par les clients lors de la fourniture de services, conform\u00e9ment aux dispositions l\u00e9gales en vigueur. Dans ce document, les termes Client et\/ou Utilisateur [&hellip;]<\/p>\n","protected":false},"author":2,"featured_media":0,"parent":0,"menu_order":0,"comment_status":"closed","ping_status":"closed","template":"","meta":{"_et_pb_use_builder":"on","_et_pb_old_content":"","_et_gb_content_width":"","footnotes":""},"class_list":["post-2141","page","type-page","status-publish","hentry"],"_links":{"self":[{"href":"https:\/\/www.jhs.com.pt\/fr\/wp-json\/wp\/v2\/pages\/2141","targetHints":{"allow":["GET"]}}],"collection":[{"href":"https:\/\/www.jhs.com.pt\/fr\/wp-json\/wp\/v2\/pages"}],"about":[{"href":"https:\/\/www.jhs.com.pt\/fr\/wp-json\/wp\/v2\/types\/page"}],"author":[{"embeddable":true,"href":"https:\/\/www.jhs.com.pt\/fr\/wp-json\/wp\/v2\/users\/2"}],"replies":[{"embeddable":true,"href":"https:\/\/www.jhs.com.pt\/fr\/wp-json\/wp\/v2\/comments?post=2141"}],"version-history":[{"count":2,"href":"https:\/\/www.jhs.com.pt\/fr\/wp-json\/wp\/v2\/pages\/2141\/revisions"}],"predecessor-version":[{"id":2146,"href":"https:\/\/www.jhs.com.pt\/fr\/wp-json\/wp\/v2\/pages\/2141\/revisions\/2146"}],"wp:attachment":[{"href":"https:\/\/www.jhs.com.pt\/fr\/wp-json\/wp\/v2\/media?parent=2141"}],"curies":[{"name":"wp","href":"https:\/\/api.w.org\/{rel}","templated":true}]}}