{"id":2135,"date":"2025-07-24T14:28:29","date_gmt":"2025-07-24T14:28:29","guid":{"rendered":"https:\/\/www.jhs.com.pt\/politique-qualite\/"},"modified":"2026-03-05T15:00:11","modified_gmt":"2026-03-05T15:00:11","slug":"politique-qualite","status":"publish","type":"page","link":"https:\/\/www.jhs.com.pt\/fr\/politique-qualite\/","title":{"rendered":"Politique Qualit\u00e9"},"content":{"rendered":"<p>[et_pb_section fb_built=&#8221;1&#8243; _builder_version=&#8221;4.27.4&#8243; _module_preset=&#8221;default&#8221; global_colors_info=&#8221;{}&#8221;][et_pb_row _builder_version=&#8221;4.27.4&#8243; _module_preset=&#8221;default&#8221; global_colors_info=&#8221;{}&#8221;][et_pb_column type=&#8221;4_4&#8243; _builder_version=&#8221;4.27.4&#8243; _module_preset=&#8221;default&#8221; hover_enabled=&#8221;0&#8243; global_colors_info=&#8221;{}&#8221; sticky_enabled=&#8221;0&#8243;][et_pb_text _builder_version=&#8221;4.27.4&#8243; _module_preset=&#8221;default&#8221; hover_enabled=&#8221;0&#8243; global_colors_info=&#8221;{}&#8221; sticky_enabled=&#8221;0&#8243;]<\/p>\n<h1>Politique Qualit\u00e9<\/h1>\n<p>Chez JHS, nous nous engageons \u00e0 fournir des solutions et composants industriels avec un haut niveau de qualit\u00e9, de pr\u00e9cision et de fiabilit\u00e9, r\u00e9pondant aux besoins de nos clients gr\u00e2ce \u00e0 notre expertise technique, notre r\u00e9activit\u00e9 et notre exactitude.<\/p>\n<p>Nos activit\u00e9s sont guid\u00e9es par les principes suivants:<\/p>\n<ul>\n<li><strong>Orientation client<\/strong><\/li>\n<\/ul>\n<p>Nous nous effor\u00e7ons de comprendre et de r\u00e9pondre efficacement aux exigences de nos clients, en favorisant des relations bas\u00e9es sur la confiance, la qualit\u00e9 du service et le respect des d\u00e9lais convenus.<\/p>\n<ul>\n<li><strong>Am\u00e9lioration continue<\/strong><\/li>\n<\/ul>\n<p>Nous investissons dans des technologies de pointe et l\u2019am\u00e9lioration de nos processus et m\u00e9thodes de travail, visant \u00e0 r\u00e9duire les non-conformit\u00e9s et \u00e0 augmenter la coh\u00e9rence de nos r\u00e9sultats.<\/p>\n<ul>\n<li><strong>Efficacit\u00e9 et durabilit\u00e9<\/strong><\/li>\n<\/ul>\n<p>Nous privil\u00e9gions des solutions \u00e9conomes en \u00e9nergie, une gestion responsable des ressources et l\u2019adoption de pratiques contribuant \u00e0 minimiser l\u2019impact environnemental.<\/p>\n<ul>\n<li><strong>Partenariats durables<\/strong><\/li>\n<\/ul>\n<p>Nous entretenons des relations transparentes et collaboratives avec nos fournisseurs et autres parties prenantes.<\/p>\n<ul>\n<li><strong>D\u00e9veloppement des personnes<\/strong><\/li>\n<\/ul>\n<p>Nous favorisons la formation et le d\u00e9veloppement des comp\u00e9tences de nos employ\u00e9s, reconnaissant leur r\u00f4le cl\u00e9 dans l\u2019atteinte des objectifs de l\u2019entreprise.<\/p>\n<ul>\n<li><strong>Conformit\u00e9<\/strong><\/li>\n<\/ul>\n<p>Nous respectons les exigences l\u00e9gales, r\u00e9glementaires et normatives applicables, en particulier celles d\u00e9finies par ISO 9001.<\/p>\n<p>La direction veille \u00e0 ce que cette politique soit communiqu\u00e9e, comprise et mise en \u0153uvre \u00e0 tous les niveaux de l\u2019organisation.<\/p>\n<p>[\/et_pb_text][\/et_pb_column][\/et_pb_row][\/et_pb_section]<\/p>\n","protected":false},"excerpt":{"rendered":"<p>Politique Qualit\u00e9 Chez JHS, nous nous engageons \u00e0 fournir des solutions et composants industriels avec un haut niveau de qualit\u00e9, de pr\u00e9cision et de fiabilit\u00e9, r\u00e9pondant aux besoins de nos clients gr\u00e2ce \u00e0 notre expertise technique, notre r\u00e9activit\u00e9 et notre exactitude. Nos activit\u00e9s sont guid\u00e9es par les principes suivants: Orientation client Nous nous effor\u00e7ons de [&hellip;]<\/p>\n","protected":false},"author":2,"featured_media":0,"parent":0,"menu_order":0,"comment_status":"closed","ping_status":"closed","template":"","meta":{"_et_pb_use_builder":"on","_et_pb_old_content":"","_et_gb_content_width":"","footnotes":""},"class_list":["post-2135","page","type-page","status-publish","hentry"],"_links":{"self":[{"href":"https:\/\/www.jhs.com.pt\/fr\/wp-json\/wp\/v2\/pages\/2135","targetHints":{"allow":["GET"]}}],"collection":[{"href":"https:\/\/www.jhs.com.pt\/fr\/wp-json\/wp\/v2\/pages"}],"about":[{"href":"https:\/\/www.jhs.com.pt\/fr\/wp-json\/wp\/v2\/types\/page"}],"author":[{"embeddable":true,"href":"https:\/\/www.jhs.com.pt\/fr\/wp-json\/wp\/v2\/users\/2"}],"replies":[{"embeddable":true,"href":"https:\/\/www.jhs.com.pt\/fr\/wp-json\/wp\/v2\/comments?post=2135"}],"version-history":[{"count":2,"href":"https:\/\/www.jhs.com.pt\/fr\/wp-json\/wp\/v2\/pages\/2135\/revisions"}],"predecessor-version":[{"id":2140,"href":"https:\/\/www.jhs.com.pt\/fr\/wp-json\/wp\/v2\/pages\/2135\/revisions\/2140"}],"wp:attachment":[{"href":"https:\/\/www.jhs.com.pt\/fr\/wp-json\/wp\/v2\/media?parent=2135"}],"curies":[{"name":"wp","href":"https:\/\/api.w.org\/{rel}","templated":true}]}}