{"id":2129,"date":"2025-07-24T14:47:24","date_gmt":"2025-07-24T14:47:24","guid":{"rendered":"https:\/\/www.jhs.com.pt\/politique-de-cookies\/"},"modified":"2026-03-05T14:54:01","modified_gmt":"2026-03-05T14:54:01","slug":"politique-de-cookies","status":"publish","type":"page","link":"https:\/\/www.jhs.com.pt\/fr\/politique-de-cookies\/","title":{"rendered":"Politique de Cookies"},"content":{"rendered":"<p>[et_pb_section fb_built=&#8221;1&#8243; _builder_version=&#8221;4.27.4&#8243; _module_preset=&#8221;default&#8221; global_colors_info=&#8221;{}&#8221;][et_pb_row _builder_version=&#8221;4.27.4&#8243; _module_preset=&#8221;default&#8221; global_colors_info=&#8221;{}&#8221;][et_pb_column type=&#8221;4_4&#8243; _builder_version=&#8221;4.27.4&#8243; _module_preset=&#8221;default&#8221; global_colors_info=&#8221;{}&#8221;][et_pb_text _builder_version=&#8221;4.27.4&#8243; _module_preset=&#8221;default&#8221; hover_enabled=&#8221;0&#8243; global_colors_info=&#8221;{}&#8221; sticky_enabled=&#8221;0&#8243;]<\/p>\n<h1 style=\"text-align: justify;\">Politique de Cookies<\/h1>\n<p style=\"text-align: justify;\">Notre site utilise des cookies pour am\u00e9liorer les performances et l\u2019exp\u00e9rience utilisateur, comme d\u00e9crit ci-dessous.<\/p>\n<p style=\"text-align: justify;\"><strong>Que sont les cookies ?<\/strong><\/p>\n<p style=\"text-align: justify;\">Les \u00ab\u202fcookies\u202f\u00bb sont g\u00e9n\u00e9ralement de petits fichiers texte stock\u00e9s sur votre ordinateur via votre navigateur. Ils ne conservent que des informations li\u00e9es \u00e0 vos pr\u00e9f\u00e9rences et ne contiennent pas vos donn\u00e9es personnelles. <\/p>\n<p style=\"text-align: justify;\"><strong>\u00c0 quoi servent les cookies ?<\/strong><\/p>\n<p style=\"text-align: justify;\">Les cookies permettent de d\u00e9terminer l\u2019utilit\u00e9, l\u2019int\u00e9r\u00eat et le nombre de visites d\u2019un site web. Ils facilitent une navigation plus rapide et efficace en \u00e9vitant de ressaisir les m\u00eames informations \u00e0 plusieurs reprises. <\/p>\n<p style=\"text-align: justify;\"><strong>Cookies de session<\/strong><\/p>\n<p style=\"text-align: justify;\">Ce sont des cookies temporaires qui restent dans le fichier de cookies de votre navigateur jusqu\u2019\u00e0 ce que vous quittiez le site web. Ils permettent de reconna\u00eetre les utilisateurs sur un site afin que les modifications effectu\u00e9es, les articles s\u00e9lectionn\u00e9s ou les donn\u00e9es saisies soient conserv\u00e9s sur une autre page.<br \/>Un exemple courant est le panier d\u2019achat dans une boutique en ligne. <\/p>\n<p style=\"text-align: justify;\"><strong>Cookies persistants<\/strong><\/p>\n<p style=\"text-align: justify;\">Ces cookies sont stock\u00e9s au niveau du navigateur sur votre appareil (PC, mobile ou tablette) et sont utilis\u00e9s chaque fois que vous revenez sur un site web. Ils sont g\u00e9n\u00e9ralement utilis\u00e9s pour orienter la navigation selon les int\u00e9r\u00eats de l\u2019utilisateur, offrant un service plus personnalis\u00e9. <\/p>\n<p style=\"text-align: justify;\"><strong>Comment g\u00e9rer les cookies<\/strong><\/p>\n<p style=\"text-align: justify;\">Tous les navigateurs permettent aux utilisateurs d\u2019accepter, de refuser ou de supprimer les cookies, g\u00e9n\u00e9ralement en s\u00e9lectionnant les param\u00e8tres appropri\u00e9s dans le menu du navigateur. Vous pouvez g\u00e9rer les cookies dans le menu \u00ab\u202foptions\u202f\u00bb ou \u00ab\u202fpr\u00e9f\u00e9rences\u202f\u00bb de votre navigateur. <\/p>\n<p style=\"text-align: justify;\">Cependant, la d\u00e9sactivation des cookies peut affecter le bon fonctionnement de certains services web et peut impacter partiellement ou compl\u00e8tement votre navigation sur le site.<\/p>\n<p style=\"text-align: justify;\">Comment activer les cookies dans les navigateurs populaires<\/p>\n<p style=\"text-align: justify;\"><strong>Internet Explorer<\/strong><\/p>\n<ol style=\"text-align: justify;\">\n<li>Cliquez sur le menu \u00ab\u202fOutils\u202f\u00bb et s\u00e9lectionnez \u00ab\u202fOptions Internet\u202f\u00bb ;<\/li>\n<li>Go to the \u201cPrivacy\u201d tab and move the slider down or select \u201cAccept all cookies\u201d;<\/li>\n<li>Cliquez sur \u00ab\u202fOK\u202f\u00bb pour confirmer.<\/li>\n<\/ol>\n<p style=\"text-align: justify;\"><strong>Mozilla Firefox<\/strong><\/p>\n<ol style=\"text-align: justify;\">\n<li>Cliquez sur le menu \u00ab\u202fOutils\u202f\u00bb ;<\/li>\n<li>S\u00e9lectionnez \u00ab\u202fOptions\u202f\u00bb ;<\/li>\n<li>Cliquez sur l\u2019ic\u00f4ne \u00ab\u202fConfidentialit\u00e9\u202f\u00bb en haut ;<\/li>\n<li>Cochez la case \u00e0 c\u00f4t\u00e9 de \u00ab\u202fAccepter les cookies des sites\u202f\u00bb ;<\/li>\n<li>Cliquez sur \u00ab\u202fOK\u202f\u00bb pour enregistrer les param\u00e8tres.<\/li>\n<\/ol>\n<p style=\"text-align: justify;\"><strong>Google Chrome<\/strong><\/p>\n<ol style=\"text-align: justify;\">\n<li>Click on \u201cSettings\u201d in the Google Chrome menu;<\/li>\n<li>Dans \u00ab\u202fParam\u00e8tres\u202f\u00bb, allez dans \u00ab\u202fAvanc\u00e9\u202f\u00bb puis cliquez sur \u00ab\u202fParam\u00e8tres de contenu\u202f\u00bb ;<\/li>\n<li>S\u00e9lectionnez l\u2019option \u00ab\u202fAutoriser les donn\u00e9es locales \u00e0 \u00eatre enregistr\u00e9es (recommand\u00e9)\u202f\u00bb.<\/li>\n<\/ol>\n<p style=\"text-align: justify;\">Plus d\u2019informations<br \/>Pour plus d\u2019informations sur les cookies et leur utilisation, vous pouvez visiter :<br \/>http:\/\/www.allaboutcookies.org\/<\/p>\n<p>[\/et_pb_text][\/et_pb_column][\/et_pb_row][\/et_pb_section]<\/p>\n","protected":false},"excerpt":{"rendered":"<p>Politique de Cookies Notre site utilise des cookies pour am\u00e9liorer les performances et l\u2019exp\u00e9rience utilisateur, comme d\u00e9crit ci-dessous. Que sont les cookies ? Les \u00ab\u202fcookies\u202f\u00bb sont g\u00e9n\u00e9ralement de petits fichiers texte stock\u00e9s sur votre ordinateur via votre navigateur. Ils ne conservent que des informations li\u00e9es \u00e0 vos pr\u00e9f\u00e9rences et ne contiennent pas vos donn\u00e9es personnelles. [&hellip;]<\/p>\n","protected":false},"author":2,"featured_media":0,"parent":0,"menu_order":0,"comment_status":"closed","ping_status":"closed","template":"","meta":{"_et_pb_use_builder":"on","_et_pb_old_content":"","_et_gb_content_width":"","footnotes":""},"class_list":["post-2129","page","type-page","status-publish","hentry"],"_links":{"self":[{"href":"https:\/\/www.jhs.com.pt\/fr\/wp-json\/wp\/v2\/pages\/2129","targetHints":{"allow":["GET"]}}],"collection":[{"href":"https:\/\/www.jhs.com.pt\/fr\/wp-json\/wp\/v2\/pages"}],"about":[{"href":"https:\/\/www.jhs.com.pt\/fr\/wp-json\/wp\/v2\/types\/page"}],"author":[{"embeddable":true,"href":"https:\/\/www.jhs.com.pt\/fr\/wp-json\/wp\/v2\/users\/2"}],"replies":[{"embeddable":true,"href":"https:\/\/www.jhs.com.pt\/fr\/wp-json\/wp\/v2\/comments?post=2129"}],"version-history":[{"count":2,"href":"https:\/\/www.jhs.com.pt\/fr\/wp-json\/wp\/v2\/pages\/2129\/revisions"}],"predecessor-version":[{"id":2134,"href":"https:\/\/www.jhs.com.pt\/fr\/wp-json\/wp\/v2\/pages\/2129\/revisions\/2134"}],"wp:attachment":[{"href":"https:\/\/www.jhs.com.pt\/fr\/wp-json\/wp\/v2\/media?parent=2129"}],"curies":[{"name":"wp","href":"https:\/\/api.w.org\/{rel}","templated":true}]}}