{"id":2021,"date":"2020-07-20T11:51:34","date_gmt":"2020-07-20T11:51:34","guid":{"rendered":"https:\/\/www.jhs.com.pt\/maintenance-preventive-et-services\/"},"modified":"2026-02-20T15:36:10","modified_gmt":"2026-02-20T15:36:10","slug":"maintenance-preventive-et-services","status":"publish","type":"page","link":"https:\/\/www.jhs.com.pt\/fr\/maintenance-preventive-et-services\/","title":{"rendered":"Maintenance pr\u00e9ventive et services"},"content":{"rendered":"<p>[et_pb_section fb_built=&#8221;1&#8243; fullwidth=&#8221;on&#8221; _builder_version=&#8221;4.16&#8243; global_colors_info=&#8221;{}&#8221;][et_pb_fullwidth_header _builder_version=&#8221;4.23.4&#8243; background_color=&#8221;#ffffff&#8221; background_color_gradient_direction=&#8221;146deg&#8221; background_image=&#8221;https:\/\/www.jhs.com.pt\/novo\/wp-content\/uploads\/2024\/01\/header1.jpg&#8221; background_size=&#8221;initial&#8221; custom_padding=&#8221;||280px|||&#8221; global_colors_info=&#8221;{}&#8221;][\/et_pb_fullwidth_header][\/et_pb_section][et_pb_section fb_built=&#8221;1&#8243; inner_shadow=&#8221;on&#8221; admin_label=&#8221;section&#8221; _builder_version=&#8221;4.16&#8243; hover_enabled=&#8221;0&#8243; transparent_background=&#8221;off&#8221; global_colors_info=&#8221;{}&#8221; sticky_enabled=&#8221;0&#8243;][et_pb_row admin_label=&#8221;row&#8221; _builder_version=&#8221;4.16&#8243; background_size=&#8221;initial&#8221; background_position=&#8221;top_left&#8221; background_repeat=&#8221;repeat&#8221; global_colors_info=&#8221;{}&#8221;][et_pb_column type=&#8221;4_4&#8243; _builder_version=&#8221;4.16&#8243; custom_padding=&#8221;|||&#8221; global_colors_info=&#8221;{}&#8221; custom_padding__hover=&#8221;|||&#8221;][et_pb_text admin_label=&#8221;Historial &#8221; _builder_version=&#8221;4.27.4&#8243; background_size=&#8221;initial&#8221; background_position=&#8221;top_left&#8221; background_repeat=&#8221;repeat&#8221; custom_margin=&#8221;||0px||false|false&#8221; animation_style=&#8221;slide&#8221; animation_direction=&#8221;left&#8221; use_border_color=&#8221;off&#8221; border_style=&#8221;solid&#8221; global_colors_info=&#8221;{}&#8221;]<\/p>\n<h1><strong>Maintenance pr\u00e9ventive et services<\/strong><\/h1>\n<p>[\/et_pb_text][et_pb_divider divider_weight=&#8221;5px&#8221; _builder_version=&#8221;4.16&#8243; width=&#8221;7%&#8221; animation_style=&#8221;slide&#8221; animation_direction=&#8221;left&#8221; locked=&#8221;off&#8221; global_colors_info=&#8221;{}&#8221;][\/et_pb_divider][et_pb_text admin_label=&#8221;Historial &#8221; _builder_version=&#8221;4.27.4&#8243; background_size=&#8221;initial&#8221; background_position=&#8221;top_left&#8221; background_repeat=&#8221;repeat&#8221; use_border_color=&#8221;off&#8221; border_style=&#8221;solid&#8221; global_colors_info=&#8221;{}&#8221;]<\/p>\n<p>Nous disposons d\u2019\u00e9quipes sp\u00e9cialis\u00e9es pour intervenir lors d\u2019arr\u00eats programm\u00e9s ou non programm\u00e9s.<\/p>\n<ul>\n<li>Maintenance planifi\u00e9e et d\u00e9pannage<\/li>\n<li>Vibrom\u00e9trie et \u00e9quilibrage dynamique<\/li>\n<li>Maintenance de pompes<\/li>\n<li>Alignement d\u2019arbres<\/li>\n<\/ul>\n<p>[\/et_pb_text][et_pb_gallery gallery_ids=&#8221;656,657,658,659,660,661,508,509,510,511,512,514,515,516,1306,1305&#8243; posts_number=&#8221;50&#8243; show_title_and_caption=&#8221;off&#8221; _builder_version=&#8221;4.27.4&#8243; hover_enabled=&#8221;0&#8243; global_colors_info=&#8221;{}&#8221; sticky_enabled=&#8221;0&#8243;][\/et_pb_gallery][\/et_pb_column][\/et_pb_row][\/et_pb_section]<\/p>\n","protected":false},"excerpt":{"rendered":"<p>Maintenance pr\u00e9ventive et servicesNous disposons d\u2019\u00e9quipes sp\u00e9cialis\u00e9es pour intervenir lors d\u2019arr\u00eats programm\u00e9s ou non programm\u00e9s. Maintenance planifi\u00e9e et d\u00e9pannage Vibrom\u00e9trie et \u00e9quilibrage dynamique Maintenance de pompes Alignement d\u2019arbres<\/p>\n","protected":false},"author":1,"featured_media":0,"parent":0,"menu_order":0,"comment_status":"closed","ping_status":"closed","template":"","meta":{"_et_pb_use_builder":"on","_et_pb_old_content":"","_et_gb_content_width":"","footnotes":""},"class_list":["post-2021","page","type-page","status-publish","hentry"],"_links":{"self":[{"href":"https:\/\/www.jhs.com.pt\/fr\/wp-json\/wp\/v2\/pages\/2021","targetHints":{"allow":["GET"]}}],"collection":[{"href":"https:\/\/www.jhs.com.pt\/fr\/wp-json\/wp\/v2\/pages"}],"about":[{"href":"https:\/\/www.jhs.com.pt\/fr\/wp-json\/wp\/v2\/types\/page"}],"author":[{"embeddable":true,"href":"https:\/\/www.jhs.com.pt\/fr\/wp-json\/wp\/v2\/users\/1"}],"replies":[{"embeddable":true,"href":"https:\/\/www.jhs.com.pt\/fr\/wp-json\/wp\/v2\/comments?post=2021"}],"version-history":[{"count":2,"href":"https:\/\/www.jhs.com.pt\/fr\/wp-json\/wp\/v2\/pages\/2021\/revisions"}],"predecessor-version":[{"id":2025,"href":"https:\/\/www.jhs.com.pt\/fr\/wp-json\/wp\/v2\/pages\/2021\/revisions\/2025"}],"wp:attachment":[{"href":"https:\/\/www.jhs.com.pt\/fr\/wp-json\/wp\/v2\/media?parent=2021"}],"curies":[{"name":"wp","href":"https:\/\/api.w.org\/{rel}","templated":true}]}}