{"id":1998,"date":"2024-12-06T12:10:52","date_gmt":"2024-12-06T12:10:52","guid":{"rendered":"https:\/\/www.jhs.com.pt\/production\/"},"modified":"2026-02-20T18:50:19","modified_gmt":"2026-02-20T18:50:19","slug":"production","status":"publish","type":"page","link":"https:\/\/www.jhs.com.pt\/fr\/production\/","title":{"rendered":"Production"},"content":{"rendered":"<p>[et_pb_section fb_built=&#8221;1&#8243; fullwidth=&#8221;on&#8221; _builder_version=&#8221;4.16&#8243; locked=&#8221;off&#8221; global_colors_info=&#8221;{}&#8221;][et_pb_fullwidth_header background_overlay_color=&#8221;rgba(83,144,193,0.28)&#8221; _builder_version=&#8221;4.27.4&#8243; background_enable_color=&#8221;off&#8221; background_image=&#8221;https:\/\/www.jhs.com.pt\/novo\/wp-content\/uploads\/2024\/01\/PFz_20231115_162043_AK4A0281.jpg&#8221; custom_padding=&#8221;||280px|||&#8221; global_colors_info=&#8221;{}&#8221;][\/et_pb_fullwidth_header][\/et_pb_section][et_pb_section fb_built=&#8221;1&#8243; inner_shadow=&#8221;on&#8221; admin_label=&#8221;section&#8221; _builder_version=&#8221;4.16&#8243; background_color=&#8221;#f7f7f7&#8243; transparent_background=&#8221;off&#8221; global_colors_info=&#8221;{}&#8221;][et_pb_row _builder_version=&#8221;4.24.2&#8243; locked=&#8221;off&#8221; global_colors_info=&#8221;{}&#8221;][et_pb_column type=&#8221;4_4&#8243; _builder_version=&#8221;4.16&#8243; global_colors_info=&#8221;{}&#8221;][et_pb_text _builder_version=&#8221;4.27.4&#8243; custom_margin=&#8221;||0px||false|false&#8221; animation_style=&#8221;slide&#8221; animation_direction=&#8221;left&#8221; global_colors_info=&#8221;{}&#8221;]<\/p>\n<h1><strong>Production<\/strong><\/h1>\n<p>[\/et_pb_text][et_pb_divider divider_weight=&#8221;5px&#8221; _builder_version=&#8221;4.27.4&#8243; width=&#8221;8%&#8221; animation_style=&#8221;slide&#8221; animation_direction=&#8221;left&#8221; locked=&#8221;off&#8221; global_colors_info=&#8221;{}&#8221;][\/et_pb_divider][\/et_pb_column][\/et_pb_row][et_pb_row column_structure=&#8221;1_2,1_2&#8243; use_custom_gutter=&#8221;on&#8221; gutter_width=&#8221;2&#8243; custom_padding_last_edited=&#8221;on|tablet&#8221; _builder_version=&#8221;4.27.4&#8243; _module_preset=&#8221;default&#8221; custom_padding=&#8221;||20px||false|false&#8221; custom_padding_tablet=&#8221;||0px||false|false&#8221; custom_padding_phone=&#8221;||0px||false|false&#8221; locked=&#8221;off&#8221; global_colors_info=&#8221;{}&#8221;][et_pb_column type=&#8221;1_2&#8243; _builder_version=&#8221;4.27.4&#8243; _module_preset=&#8221;default&#8221; use_background_color_gradient=&#8221;on&#8221; background_color_gradient_direction=&#8221;45deg&#8221; background_color_gradient_stops=&#8221;#007496 0%|rgba(255,255,255,0) 100%&#8221; background_color_gradient_overlays_image=&#8221;on&#8221; background_image=&#8221;https:\/\/www.jhs.com.pt\/novo\/wp-content\/uploads\/2020\/09\/img.jpg&#8221; custom_padding=&#8221;20%|40px|40px|40px|false|true&#8221; custom_padding_tablet=&#8221;|30px|30px|30px|false|true&#8221; custom_padding_phone=&#8221;|20px|20px|20px|false|true&#8221; custom_padding_last_edited=&#8221;on|tablet&#8221; animation_style=&#8221;slide&#8221; animation_direction=&#8221;left&#8221; global_colors_info=&#8221;{%22gcid-0a41bebc-0107-48f7-8173-6190cad71074%22:%91%22background_color_gradient_stops%22%93,%22gcid-fb7185f0-febc-426c-87a9-b6e9798849ab%22:%91%22background_color_gradient_stops%22%93}&#8221; background__hover_enabled=&#8221;on|desktop&#8221; background_color_gradient_stops__hover=&#8221;rgba(0,0,0,0.8) 0%|rgba(255,255,255,0) 100%&#8221; use_background_color_gradient__hover=&#8221;on&#8221;][et_pb_text _builder_version=&#8221;4.25.1&#8243; _module_preset=&#8221;d7b85691-5907-4b37-a802-2b138dc993b6&#8243; header_text_color=&#8221;#FFFFFF&#8221; header_3_text_color=&#8221;#FFFFFF&#8221; custom_margin=&#8221;||13px||false|false&#8221; global_colors_info=&#8221;{}&#8221;]<\/p>\n<h1><strong>Fraisage<\/strong><\/h1>\n<p><span style=\"color: #ffffff;\"><strong>CNC 5 axes avec table \u00d8600 mm jusqu\u2019\u00e0 CNC 3 axes avec table 3250 mm x 1450 mm<\/strong><\/span><\/p>\n<p>[\/et_pb_text][\/et_pb_column][et_pb_column type=&#8221;1_2&#8243; _builder_version=&#8221;4.27.4&#8243; _module_preset=&#8221;default&#8221; use_background_color_gradient=&#8221;on&#8221; background_color_gradient_direction=&#8221;45deg&#8221; background_color_gradient_stops=&#8221;#007496 0%|rgba(255,255,255,0) 100%&#8221; background_color_gradient_overlays_image=&#8221;on&#8221; background_image=&#8221;https:\/\/www.jhs.com.pt\/novo\/wp-content\/uploads\/2020\/07\/sl_1-1024&#215;575.jpg&#8221; custom_padding=&#8221;20%|40px|40px|40px|false|true&#8221; custom_padding_tablet=&#8221;|30px|30px|30px|false|true&#8221; custom_padding_phone=&#8221;|20px|20px|20px|false|true&#8221; custom_padding_last_edited=&#8221;on|tablet&#8221; animation_style=&#8221;slide&#8221; animation_direction=&#8221;right&#8221; global_colors_info=&#8221;{%22gcid-0a41bebc-0107-48f7-8173-6190cad71074%22:%91%22background_color_gradient_stops%22,%22background_color_gradient_stops%22%93,%22gcid-fb7185f0-febc-426c-87a9-b6e9798849ab%22:%91%22background_color_gradient_stops%22,%22background_color_gradient_stops%22%93}&#8221; use_background_color_gradient__hover=&#8221;on&#8221; background__hover_enabled=&#8221;on|hover&#8221; background_color_gradient_stops__hover=&#8221;rgba(0,0,0,0.8) 0%|rgba(255,255,255,0) 100%&#8221;][et_pb_text _builder_version=&#8221;4.25.1&#8243; _module_preset=&#8221;d7b85691-5907-4b37-a802-2b138dc993b6&#8243; header_text_color=&#8221;#FFFFFF&#8221; header_3_text_color=&#8221;#FFFFFF&#8221; custom_margin=&#8221;||0px||false|false&#8221; global_colors_info=&#8221;{}&#8221;]<\/p>\n<h1><strong>Tournage Conventionnel<\/strong><\/h1>\n<p><span style=\"color: #ffffff;\"><strong>Jusqu\u2019\u00e0 8000 mm entre pointes avec \u00d8 maximum de 1200 mm<\/strong><\/span><\/p>\n<p>[\/et_pb_text][\/et_pb_column][\/et_pb_row][et_pb_row column_structure=&#8221;1_2,1_2&#8243; use_custom_gutter=&#8221;on&#8221; gutter_width=&#8221;2&#8243; custom_padding_last_edited=&#8221;on|tablet&#8221; _builder_version=&#8221;4.27.4&#8243; _module_preset=&#8221;default&#8221; custom_padding=&#8221;||20px||false|false&#8221; custom_padding_tablet=&#8221;||0px||false|false&#8221; custom_padding_phone=&#8221;||0px||false|false&#8221; locked=&#8221;off&#8221; global_colors_info=&#8221;{}&#8221;][et_pb_column type=&#8221;1_2&#8243; _builder_version=&#8221;4.27.4&#8243; _module_preset=&#8221;default&#8221; use_background_color_gradient=&#8221;on&#8221; background_color_gradient_direction=&#8221;45deg&#8221; background_color_gradient_stops=&#8221;#007496 0%|rgba(255,255,255,0) 100%&#8221; background_color_gradient_overlays_image=&#8221;on&#8221; background_image=&#8221;https:\/\/www.jhs.com.pt\/novo\/wp-content\/uploads\/2024\/05\/Torneamento-CNC.jpg&#8221; custom_padding=&#8221;20%|40px|40px|40px|false|true&#8221; custom_padding_tablet=&#8221;|30px|30px|30px|false|true&#8221; custom_padding_phone=&#8221;|20px|20px|20px|false|true&#8221; custom_padding_last_edited=&#8221;on|tablet&#8221; animation_style=&#8221;slide&#8221; animation_direction=&#8221;left&#8221; global_colors_info=&#8221;{%22gcid-0a41bebc-0107-48f7-8173-6190cad71074%22:%91%22background_color_gradient_stops%22%93,%22gcid-fb7185f0-febc-426c-87a9-b6e9798849ab%22:%91%22background_color_gradient_stops%22%93}&#8221; background__hover_enabled=&#8221;on|hover&#8221; background_color_gradient_stops__hover=&#8221;rgba(0,0,0,0.8) 0%|rgba(255,255,255,0) 100%&#8221; use_background_color_gradient__hover=&#8221;on&#8221;][et_pb_text _builder_version=&#8221;4.25.1&#8243; _module_preset=&#8221;d7b85691-5907-4b37-a802-2b138dc993b6&#8243; header_text_color=&#8221;#FFFFFF&#8221; header_3_text_color=&#8221;#FFFFFF&#8221; custom_margin=&#8221;||24px||false|false&#8221; global_colors_info=&#8221;{}&#8221;]<\/p>\n<h1><strong>Tournage CNC<\/strong><\/h1>\n<p><span style=\"color: #ffffff;\"><strong>Jusqu\u2019\u00e0 1500 mm entre pointes avec \u00d8 maximum de 500 mm<\/strong><\/span><\/p>\n<p>[\/et_pb_text][\/et_pb_column][et_pb_column type=&#8221;1_2&#8243; _builder_version=&#8221;4.27.4&#8243; _module_preset=&#8221;default&#8221; use_background_color_gradient=&#8221;on&#8221; background_color_gradient_direction=&#8221;45deg&#8221; background_color_gradient_stops=&#8221;#007496 0%|rgba(255,255,255,0) 100%&#8221; background_color_gradient_overlays_image=&#8221;on&#8221; background_image=&#8221;https:\/\/www.jhs.com.pt\/novo\/wp-content\/uploads\/2024\/05\/Capacidade-corte-Guilhotina.jpg&#8221; custom_padding=&#8221;20%|40px|40px|40px|false|true&#8221; custom_padding_tablet=&#8221;|30px|30px|30px|false|true&#8221; custom_padding_phone=&#8221;|20px|20px|20px|false|true&#8221; custom_padding_last_edited=&#8221;on|tablet&#8221; animation_style=&#8221;slide&#8221; animation_direction=&#8221;right&#8221; global_colors_info=&#8221;{%22gcid-0a41bebc-0107-48f7-8173-6190cad71074%22:%91%22background_color_gradient_stops%22,%22background_color_gradient_stops%22%93,%22gcid-fb7185f0-febc-426c-87a9-b6e9798849ab%22:%91%22background_color_gradient_stops%22,%22background_color_gradient_stops%22%93}&#8221; use_background_color_gradient__hover=&#8221;on&#8221; background__hover_enabled=&#8221;on|hover&#8221; background_color_gradient_stops__hover=&#8221;rgba(0,0,0,0.8) 0%|rgba(255,255,255,0) 100%&#8221;][et_pb_text _builder_version=&#8221;4.25.1&#8243; _module_preset=&#8221;d7b85691-5907-4b37-a802-2b138dc993b6&#8243; header_text_color=&#8221;#FFFFFF&#8221; header_3_text_color=&#8221;#FFFFFF&#8221; custom_margin=&#8221;||0px||false|false&#8221; global_colors_info=&#8221;{}&#8221;]<\/p>\n<h1><strong>D\u00e9coupe Guillotine<\/strong><\/h1>\n<p><span style=\"color: #ffffff;\"><strong>T\u00f4le inox jusqu\u2019\u00e0 10 mm d\u2019\u00e9paisseur<br \/>T\u00f4le acier carbone jusqu\u2019\u00e0 14 mm d\u2019\u00e9paisseur<\/strong><\/span><\/p>\n<p>[\/et_pb_text][\/et_pb_column][\/et_pb_row][et_pb_row column_structure=&#8221;1_2,1_2&#8243; use_custom_gutter=&#8221;on&#8221; gutter_width=&#8221;2&#8243; custom_padding_last_edited=&#8221;on|tablet&#8221; _builder_version=&#8221;4.27.4&#8243; _module_preset=&#8221;default&#8221; custom_padding=&#8221;||20px||false|false&#8221; custom_padding_tablet=&#8221;||0px||false|false&#8221; custom_padding_phone=&#8221;||0px||false|false&#8221; locked=&#8221;off&#8221; global_colors_info=&#8221;{}&#8221;][et_pb_column type=&#8221;1_2&#8243; _builder_version=&#8221;4.27.4&#8243; _module_preset=&#8221;default&#8221; use_background_color_gradient=&#8221;on&#8221; background_color_gradient_direction=&#8221;45deg&#8221; background_color_gradient_stops=&#8221;#007496 0%|rgba(255,255,255,0) 100%&#8221; background_color_gradient_overlays_image=&#8221;on&#8221; background_image=&#8221;https:\/\/www.jhs.com.pt\/novo\/wp-content\/uploads\/2025\/01\/img_Digitalizacao.jpg&#8221; custom_padding=&#8221;20%|40px|40px|40px|false|true&#8221; custom_padding_tablet=&#8221;|30px|30px|30px|false|true&#8221; custom_padding_phone=&#8221;|20px|20px|20px|false|true&#8221; custom_padding_last_edited=&#8221;on|tablet&#8221; animation_style=&#8221;slide&#8221; animation_direction=&#8221;left&#8221; global_colors_info=&#8221;{%22gcid-0a41bebc-0107-48f7-8173-6190cad71074%22:%91%22background_color_gradient_stops%22%93,%22gcid-fb7185f0-febc-426c-87a9-b6e9798849ab%22:%91%22background_color_gradient_stops%22%93}&#8221; background__hover_enabled=&#8221;on|hover&#8221; background_color_gradient_stops__hover=&#8221;rgba(0,0,0,0.8) 0%|rgba(255,255,255,0) 100%&#8221; use_background_color_gradient__hover=&#8221;on&#8221;][et_pb_text _builder_version=&#8221;4.25.1&#8243; _module_preset=&#8221;d7b85691-5907-4b37-a802-2b138dc993b6&#8243; header_text_color=&#8221;#FFFFFF&#8221; header_3_text_color=&#8221;#FFFFFF&#8221; custom_margin=&#8221;||0px||false|false&#8221; global_colors_info=&#8221;{}&#8221;]<\/p>\n<h1><strong>Num\u00e9risation<\/strong><\/h1>\n<p><span style=\"color: #ffffff;\"><strong>Le HandySCAN 3D est notre principal scanner 3D<br \/>Pr\u00e9cision : 0,025 mm<\/strong><\/span><\/p>\n<p>[\/et_pb_text][\/et_pb_column][et_pb_column type=&#8221;1_2&#8243; _builder_version=&#8221;4.27.4&#8243; _module_preset=&#8221;default&#8221; use_background_color_gradient=&#8221;on&#8221; background_color_gradient_direction=&#8221;45deg&#8221; background_color_gradient_stops=&#8221;#007496 0%|rgba(255,255,255,0) 100%&#8221; background_color_gradient_overlays_image=&#8221;on&#8221; background_image=&#8221;https:\/\/www.jhs.com.pt\/novo\/wp-content\/uploads\/2025\/01\/img_Maquina_de_equilibrio.jpg&#8221; custom_padding=&#8221;20%|40px|40px|40px|false|true&#8221; custom_padding_tablet=&#8221;|30px|30px|30px|false|true&#8221; custom_padding_phone=&#8221;|20px|20px|20px|false|true&#8221; custom_padding_last_edited=&#8221;on|tablet&#8221; animation_style=&#8221;slide&#8221; animation_direction=&#8221;right&#8221; global_colors_info=&#8221;{%22gcid-0a41bebc-0107-48f7-8173-6190cad71074%22:%91%22background_color_gradient_stops%22,%22background_color_gradient_stops%22%93,%22gcid-fb7185f0-febc-426c-87a9-b6e9798849ab%22:%91%22background_color_gradient_stops%22,%22background_color_gradient_stops%22%93}&#8221; use_background_color_gradient__hover=&#8221;on&#8221; background__hover_enabled=&#8221;on|desktop&#8221; background_color_gradient_stops__hover=&#8221;rgba(0,0,0,0.8) 0%|rgba(255,255,255,0) 100%&#8221;][et_pb_text _builder_version=&#8221;4.25.1&#8243; _module_preset=&#8221;d7b85691-5907-4b37-a802-2b138dc993b6&#8243; header_text_color=&#8221;#FFFFFF&#8221; header_3_text_color=&#8221;#FFFFFF&#8221; custom_margin=&#8221;||0px||false|false&#8221; global_colors_info=&#8221;{}&#8221;]<\/p>\n<h1><strong>Machine d\u2019\u00c9quilibrage<\/strong><\/h1>\n<p><span style=\"color: #ffffff;\"><strong>Pi\u00e8ces jusqu\u2019\u00e0 2100 mm de diam\u00e8tre<br \/>Longueur maximale jusqu\u2019\u00e0 5500 mm<\/strong><\/span><\/p>\n<p>[\/et_pb_text][\/et_pb_column][\/et_pb_row][et_pb_row column_structure=&#8221;1_2,1_2&#8243; use_custom_gutter=&#8221;on&#8221; gutter_width=&#8221;2&#8243; custom_padding_last_edited=&#8221;on|tablet&#8221; _builder_version=&#8221;4.27.4&#8243; _module_preset=&#8221;default&#8221; custom_padding=&#8221;||20px||false|false&#8221; custom_padding_tablet=&#8221;||0px||false|false&#8221; custom_padding_phone=&#8221;||0px||false|false&#8221; locked=&#8221;off&#8221; global_colors_info=&#8221;{}&#8221;][et_pb_column type=&#8221;1_2&#8243; _builder_version=&#8221;4.27.4&#8243; _module_preset=&#8221;default&#8221; use_background_color_gradient=&#8221;on&#8221; background_color_gradient_direction=&#8221;45deg&#8221; background_color_gradient_stops=&#8221;#007496 0%|rgba(255,255,255,0) 100%&#8221; background_color_gradient_overlays_image=&#8221;on&#8221; background_image=&#8221;https:\/\/www.jhs.com.pt\/novo\/wp-content\/uploads\/2025\/01\/img_Quinadeira.jpg&#8221; custom_padding=&#8221;20%|40px|40px|40px|false|true&#8221; custom_padding_tablet=&#8221;|30px|30px|30px|false|true&#8221; custom_padding_phone=&#8221;|20px|20px|20px|false|true&#8221; custom_padding_last_edited=&#8221;on|tablet&#8221; animation_style=&#8221;slide&#8221; animation_direction=&#8221;left&#8221; global_colors_info=&#8221;{%22gcid-0a41bebc-0107-48f7-8173-6190cad71074%22:%91%22background_color_gradient_stops%22%93,%22gcid-fb7185f0-febc-426c-87a9-b6e9798849ab%22:%91%22background_color_gradient_stops%22%93}&#8221; background__hover_enabled=&#8221;on|hover&#8221; background_color_gradient_stops__hover=&#8221;rgba(0,0,0,0.8) 0%|rgba(255,255,255,0) 100%&#8221; use_background_color_gradient__hover=&#8221;on&#8221;][et_pb_text _builder_version=&#8221;4.25.1&#8243; _module_preset=&#8221;d7b85691-5907-4b37-a802-2b138dc993b6&#8243; header_text_color=&#8221;#FFFFFF&#8221; header_3_text_color=&#8221;#FFFFFF&#8221; custom_margin=&#8221;||0px||false|false&#8221; global_colors_info=&#8221;{}&#8221;]<\/p>\n<h1><strong>Presse Plieuse<\/strong><\/h1>\n<p><span style=\"color: #ffffff;\"><strong>Pliage de t\u00f4le inox jusqu\u2019\u00e0 12 mm<br \/>T\u00f4le en fer jusqu\u2019\u00e0 14 mm<\/strong><\/span><\/p>\n<p><span style=\"color: #ffffff;\"><strong><\/strong><\/span><\/p>\n<p><span style=\"color: #ffffff;\"><strong><\/strong><\/span><\/p>\n<p>[\/et_pb_text][\/et_pb_column][et_pb_column type=&#8221;1_2&#8243; _builder_version=&#8221;4.27.4&#8243; _module_preset=&#8221;default&#8221; use_background_color_gradient=&#8221;on&#8221; background_color_gradient_direction=&#8221;45deg&#8221; background_color_gradient_stops=&#8221;#007496 0%|rgba(255,255,255,0) 100%&#8221; background_color_gradient_overlays_image=&#8221;on&#8221; background_image=&#8221;https:\/\/www.jhs.com.pt\/novo\/wp-content\/uploads\/2025\/01\/img_Calandra_de_chapa.jpg&#8221; custom_padding=&#8221;20%|40px|40px|40px|false|true&#8221; custom_padding_tablet=&#8221;|30px|30px|30px|false|true&#8221; custom_padding_phone=&#8221;|20px|20px|20px|false|true&#8221; custom_padding_last_edited=&#8221;on|tablet&#8221; animation_style=&#8221;slide&#8221; animation_direction=&#8221;right&#8221; global_colors_info=&#8221;{%22gcid-0a41bebc-0107-48f7-8173-6190cad71074%22:%91%22background_color_gradient_stops%22,%22background_color_gradient_stops%22%93,%22gcid-fb7185f0-febc-426c-87a9-b6e9798849ab%22:%91%22background_color_gradient_stops%22,%22background_color_gradient_stops%22%93}&#8221; use_background_color_gradient__hover=&#8221;on&#8221; background__hover_enabled=&#8221;on|desktop&#8221; background_color_gradient_stops__hover=&#8221;rgba(0,0,0,0.8) 0%|rgba(255,255,255,0) 100%&#8221;][et_pb_text _builder_version=&#8221;4.25.1&#8243; _module_preset=&#8221;d7b85691-5907-4b37-a802-2b138dc993b6&#8243; header_text_color=&#8221;#FFFFFF&#8221; header_3_text_color=&#8221;#FFFFFF&#8221; custom_margin=&#8221;||0px||false|false&#8221; global_colors_info=&#8221;{}&#8221;]<\/p>\n<h1><strong>Calandre \u00e0 T\u00f4le<\/strong><\/h1>\n<p><span style=\"color: #ffffff;\"><strong>Capacit\u00e9 de roulage de t\u00f4les jusqu\u2019\u00e0 16 mm d\u2019\u00e9paisseur<br \/><\/strong><\/span><\/p>\n<p><span style=\"color: #ffffff;\"><strong><\/strong><\/span><\/p>\n<p>&nbsp;<\/p>\n<p>[\/et_pb_text][\/et_pb_column][\/et_pb_row][et_pb_row column_structure=&#8221;1_2,1_2&#8243; use_custom_gutter=&#8221;on&#8221; gutter_width=&#8221;2&#8243; custom_padding_last_edited=&#8221;on|tablet&#8221; _builder_version=&#8221;4.27.4&#8243; _module_preset=&#8221;default&#8221; custom_padding=&#8221;||20px||false|false&#8221; custom_padding_tablet=&#8221;||0px||false|false&#8221; custom_padding_phone=&#8221;||0px||false|false&#8221; locked=&#8221;off&#8221; global_colors_info=&#8221;{}&#8221;][et_pb_column type=&#8221;1_2&#8243; _builder_version=&#8221;4.27.4&#8243; _module_preset=&#8221;default&#8221; use_background_color_gradient=&#8221;on&#8221; background_color_gradient_direction=&#8221;45deg&#8221; background_color_gradient_stops=&#8221;#007496 0%|rgba(255,255,255,0) 100%&#8221; background_color_gradient_overlays_image=&#8221;on&#8221; background_image=&#8221;https:\/\/www.jhs.com.pt\/novo\/wp-content\/uploads\/2025\/01\/img_Maquina_de_Eletrosao_de_fio.jpg&#8221; custom_padding=&#8221;20%|40px|40px|40px|false|true&#8221; custom_padding_tablet=&#8221;|30px|30px|30px|false|true&#8221; custom_padding_phone=&#8221;|20px|20px|20px|false|true&#8221; custom_padding_last_edited=&#8221;on|tablet&#8221; animation_style=&#8221;slide&#8221; animation_direction=&#8221;left&#8221; global_colors_info=&#8221;{%22gcid-0a41bebc-0107-48f7-8173-6190cad71074%22:%91%22background_color_gradient_stops%22%93,%22gcid-fb7185f0-febc-426c-87a9-b6e9798849ab%22:%91%22background_color_gradient_stops%22%93}&#8221; background__hover_enabled=&#8221;on|desktop&#8221; background_color_gradient_stops__hover=&#8221;rgba(0,0,0,0.8) 0%|rgba(255,255,255,0) 100%&#8221; use_background_color_gradient__hover=&#8221;on&#8221;][et_pb_text _builder_version=&#8221;4.27.4&#8243; _module_preset=&#8221;d7b85691-5907-4b37-a802-2b138dc993b6&#8243; header_text_color=&#8221;#FFFFFF&#8221; header_3_text_color=&#8221;#FFFFFF&#8221; custom_margin=&#8221;||24px||false|false&#8221; global_colors_info=&#8221;{}&#8221;]<\/p>\n<h1><strong>Machine d\u2019\u00c9lectro\u00e9rosion \u00e0 Fil<\/strong><\/h1>\n<p><span style=\"color: #ffffff;\"><strong>Table avec capacit\u00e9 400 x 250 x 250 mm (hauteur)<\/strong><\/span><\/p>\n<p>[\/et_pb_text][\/et_pb_column][et_pb_column type=&#8221;1_2&#8243; _builder_version=&#8221;4.27.4&#8243; _module_preset=&#8221;default&#8221; use_background_color_gradient=&#8221;on&#8221; background_color_gradient_direction=&#8221;45deg&#8221; background_color_gradient_stops=&#8221;#007496 0%|rgba(255,255,255,0) 100%&#8221; background_color_gradient_overlays_image=&#8221;on&#8221; background_image=&#8221;https:\/\/www.jhs.com.pt\/novo\/wp-content\/uploads\/2024\/12\/PFz_20231115_163849_AK4A0339.jpg&#8221; custom_padding=&#8221;20%|40px|40px|40px|false|true&#8221; custom_padding_tablet=&#8221;|30px|30px|30px|false|true&#8221; custom_padding_phone=&#8221;|20px|20px|20px|false|true&#8221; custom_padding_last_edited=&#8221;on|tablet&#8221; animation_style=&#8221;slide&#8221; animation_direction=&#8221;left&#8221; global_colors_info=&#8221;{%22gcid-0a41bebc-0107-48f7-8173-6190cad71074%22:%91%22background_color_gradient_stops%22,%22background_color_gradient_stops%22,%22background_color_gradient_stops%22%93,%22gcid-fb7185f0-febc-426c-87a9-b6e9798849ab%22:%91%22background_color_gradient_stops%22,%22background_color_gradient_stops%22,%22background_color_gradient_stops%22%93}&#8221; use_background_color_gradient__hover=&#8221;on&#8221; background__hover_enabled=&#8221;on|hover&#8221; background_color_gradient_stops__hover=&#8221;rgba(0,0,0,0.8) 0%|rgba(255,255,255,0) 100%&#8221;][et_pb_text _builder_version=&#8221;4.27.4&#8243; _module_preset=&#8221;d7b85691-5907-4b37-a802-2b138dc993b6&#8243; header_text_color=&#8221;#FFFFFF&#8221; header_3_text_color=&#8221;#FFFFFF&#8221; custom_margin=&#8221;||24px||false|false&#8221; global_colors_info=&#8221;{}&#8221;]<\/p>\n<h1><strong>Gravure Laser<\/strong><\/h1>\n<p><span style=\"color: #ffffff;\"><strong>Personnalisation de mat\u00e9riaux avec haute pr\u00e9cision<\/strong><\/span><\/p>\n<p><strong style=\"color: #ffffff; font-size: 14px;\">Qualit\u00e9 incomparable<\/strong><\/p>\n<p>[\/et_pb_text][\/et_pb_column][\/et_pb_row][\/et_pb_section]<\/p>\n","protected":false},"excerpt":{"rendered":"<p>ProductionFraisage CNC 5 axes avec table \u00d8600 mm jusqu\u2019\u00e0 CNC 3 axes avec table 3250 mm x 1450 mmTournage Conventionnel Jusqu\u2019\u00e0 8000 mm entre pointes avec \u00d8 maximum de 1200 mmTournage CNC Jusqu\u2019\u00e0 1500 mm entre pointes avec \u00d8 maximum de 500 mmD\u00e9coupe Guillotine T\u00f4le inox jusqu\u2019\u00e0 10 mm d\u2019\u00e9paisseurT\u00f4le acier carbone jusqu\u2019\u00e0 14 mm [&hellip;]<\/p>\n","protected":false},"author":2,"featured_media":0,"parent":0,"menu_order":0,"comment_status":"closed","ping_status":"closed","template":"","meta":{"_et_pb_use_builder":"on","_et_pb_old_content":"","_et_gb_content_width":"","footnotes":""},"class_list":["post-1998","page","type-page","status-publish","hentry"],"_links":{"self":[{"href":"https:\/\/www.jhs.com.pt\/fr\/wp-json\/wp\/v2\/pages\/1998","targetHints":{"allow":["GET"]}}],"collection":[{"href":"https:\/\/www.jhs.com.pt\/fr\/wp-json\/wp\/v2\/pages"}],"about":[{"href":"https:\/\/www.jhs.com.pt\/fr\/wp-json\/wp\/v2\/types\/page"}],"author":[{"embeddable":true,"href":"https:\/\/www.jhs.com.pt\/fr\/wp-json\/wp\/v2\/users\/2"}],"replies":[{"embeddable":true,"href":"https:\/\/www.jhs.com.pt\/fr\/wp-json\/wp\/v2\/comments?post=1998"}],"version-history":[{"count":4,"href":"https:\/\/www.jhs.com.pt\/fr\/wp-json\/wp\/v2\/pages\/1998\/revisions"}],"predecessor-version":[{"id":2064,"href":"https:\/\/www.jhs.com.pt\/fr\/wp-json\/wp\/v2\/pages\/1998\/revisions\/2064"}],"wp:attachment":[{"href":"https:\/\/www.jhs.com.pt\/fr\/wp-json\/wp\/v2\/media?parent=1998"}],"curies":[{"name":"wp","href":"https:\/\/api.w.org\/{rel}","templated":true}]}}