{"id":1984,"date":"2017-02-16T11:05:21","date_gmt":"2017-02-16T11:05:21","guid":{"rendered":"https:\/\/www.jhs.com.pt\/entreprise\/"},"modified":"2026-03-05T15:45:43","modified_gmt":"2026-03-05T15:45:43","slug":"entreprise","status":"publish","type":"page","link":"https:\/\/www.jhs.com.pt\/fr\/entreprise\/","title":{"rendered":"Entreprise"},"content":{"rendered":"<p>[et_pb_section fb_built=&#8221;1&#8243; fullwidth=&#8221;on&#8221; _builder_version=&#8221;4.16&#8243; global_colors_info=&#8221;{}&#8221;][et_pb_fullwidth_header background_overlay_color=&#8221;rgba(83,144,193,0.28)&#8221; _builder_version=&#8221;4.27.5&#8243; background_color=&#8221;#ffffff&#8221; background_color_gradient_direction=&#8221;146deg&#8221; background_image=&#8221;https:\/\/www.jhs.com.pt\/novo\/wp-content\/uploads\/2026\/03\/header5.jpg&#8221; custom_padding=&#8221;||280px|||&#8221; hover_enabled=&#8221;0&#8243; global_colors_info=&#8221;{}&#8221; sticky_enabled=&#8221;0&#8243;][\/et_pb_fullwidth_header][\/et_pb_section][et_pb_section fb_built=&#8221;1&#8243; inner_shadow=&#8221;on&#8221; admin_label=&#8221;section&#8221; _builder_version=&#8221;4.16&#8243; transparent_background=&#8221;off&#8221; global_colors_info=&#8221;{}&#8221;][et_pb_row admin_label=&#8221;row&#8221; _builder_version=&#8221;4.16&#8243; background_size=&#8221;initial&#8221; background_position=&#8221;top_left&#8221; background_repeat=&#8221;repeat&#8221; global_colors_info=&#8221;{}&#8221;][et_pb_column type=&#8221;4_4&#8243; _builder_version=&#8221;4.16&#8243; custom_padding=&#8221;|||&#8221; global_colors_info=&#8221;{}&#8221; custom_padding__hover=&#8221;|||&#8221;][et_pb_text _builder_version=&#8221;4.27.4&#8243; custom_margin=&#8221;||0px||false|false&#8221; animation_style=&#8221;slide&#8221; animation_direction=&#8221;left&#8221; global_colors_info=&#8221;{}&#8221;]<\/p>\n<h1><strong>Histoire et D\u00e9veloppement<\/strong><\/h1>\n<p>[\/et_pb_text][et_pb_divider divider_weight=&#8221;5px&#8221; _builder_version=&#8221;4.16&#8243; width=&#8221;7%&#8221; animation_style=&#8221;slide&#8221; animation_direction=&#8221;left&#8221; locked=&#8221;off&#8221; global_colors_info=&#8221;{}&#8221;][\/et_pb_divider][et_pb_text admin_label=&#8221;Historial &#8221; _builder_version=&#8221;4.27.4&#8243; background_size=&#8221;initial&#8221; background_position=&#8221;top_left&#8221; background_repeat=&#8221;repeat&#8221; use_border_color=&#8221;off&#8221; border_style=&#8221;solid&#8221; global_colors_info=&#8221;{}&#8221;]<\/p>\n<p style=\"text-align: justify;\">Nous sommes une entreprise de r\u00e9f\u00e9rence dans le secteur de l\u2019Industrie M\u00e9tallom\u00e9canique, sp\u00e9cialis\u00e9e dans la production de pi\u00e8ces usin\u00e9es et la construction soud\u00e9e \u2014 domaines r\u00e9cemment certifi\u00e9s conform\u00e9ment \u00e0 la norme de Management de la Qualit\u00e9 NP EN ISO 9001. Cette reconnaissance formalise l\u2019engagement de l\u2019entreprise envers l\u2019excellence et l\u2019innovation, reposant sur la d\u00e9vouement, la d\u00e9termination et la vision d\u2019avenir de ses collaborateurs et partenaires, op\u00e9rant selon les standards de qualit\u00e9 les plus exigeants.  <\/p>\n<p style=\"text-align: justify;\">Nous avons fond\u00e9 JHS le 4 avril 2014 en r\u00e9ponse \u00e0 un d\u00e9fi du march\u00e9, et sa cr\u00e9ation s\u2019est r\u00e9v\u00e9l\u00e9e \u00eatre un choix strat\u00e9gique r\u00e9ussi. Cette d\u00e9cision s\u2019est appuy\u00e9e non seulement sur des axes d\u2019int\u00e9r\u00eat strat\u00e9gique, mais \u00e9galement sur un r\u00e9seau de contacts qui a favoris\u00e9 le d\u00e9marrage initial. <\/p>\n<p style=\"text-align: justify;\">Initialement, notre activit\u00e9 \u00e9tait centr\u00e9e sur la maintenance m\u00e9canique et le conseil, au service des secteurs agroalimentaire et papetier.<\/p>\n<p style=\"text-align: justify;\">Avec l\u2019augmentation de la demande, de nouveaux d\u00e9fis ont conduit \u00e0 une r\u00e9\u00e9valuation strat\u00e9gique afin d\u2019\u00e9largir nos services et conqu\u00e9rir de nouveaux horizons. Il est devenu n\u00e9cessaire de rechercher de nouvelles installations capables de r\u00e9pondre \u00e0 la diversification de nos activit\u00e9s.<br \/>En octobre 2016, nous avons int\u00e9gr\u00e9 nos installations actuelles, r\u00e9unissant les conditions n\u00e9cessaires pour lancer notre propre production dans les domaines de l\u2019usinage, de la construction soud\u00e9e et du dessin technique, en acqu\u00e9rant les \u00e9quipements essentiels pour chaque secteur. <\/p>\n<p style=\"text-align: justify;\">En 2019, gr\u00e2ce \u00e0 une candidature rigoureuse au programme Portugal 2020, nous avons investi dans des technologies de pointe, augmentant significativement notre capacit\u00e9 op\u00e9rationnelle. Cette croissance continue a exig\u00e9 l\u2019expansion de notre \u00e9quipe et le doublement de la surface de production, avec la cr\u00e9ation de deux ateliers distincts : un d\u00e9di\u00e9 \u00e0 l\u2019usinage et l\u2019autre \u00e0 la serrurerie et \u00e0 la construction soud\u00e9e. <\/p>\n<p style=\"text-align: justify;\">En 2023, nous avons de nouveau \u00e9tendu notre infrastructure avec un nouveau b\u00e2timent de 700 m\u00b2 et un parc logistique d\u00e9di\u00e9 au stockage et \u00e0 la gestion des mati\u00e8res premi\u00e8res.<br \/>Aujourd\u2019hui, nous op\u00e9rons avec distinction dans les secteurs de l\u2019industrie verri\u00e8re, papeti\u00e8re, agroalimentaire et c\u00e9ramique, au service de clients de renom au niveau national et international.<\/p>\n<p style=\"text-align: justify;\">Notre succ\u00e8s se mesure \u00e0 la pr\u00e9cision de chaque d\u00e9tail et \u00e0 la satisfaction de ceux qui nous font confiance. Nous grandissons avec l\u2019innovation comme moteur et l\u2019exp\u00e9rience comme fondation. Nous sommes pr\u00eats \u00e0 relever les d\u00e9fis de demain, en garantissant d\u00e8s aujourd\u2019hui l\u2019excellence que votre projet exige.<br \/>Construisons l\u2019avenir ensemble.  <\/p>\n<p>[\/et_pb_text][et_pb_image src=&#8221;https:\/\/www.jhs.com.pt\/novo\/wp-content\/uploads\/2024\/02\/DJI_0141-scaled.jpg&#8221; _builder_version=&#8221;4.24.2&#8243; _module_preset=&#8221;default&#8221; animation_style=&#8221;slide&#8221; global_colors_info=&#8221;{}&#8221;][\/et_pb_image][\/et_pb_column][\/et_pb_row][et_pb_row _builder_version=&#8221;4.27.4&#8243; _module_preset=&#8221;default&#8221; global_colors_info=&#8221;{}&#8221;][et_pb_column type=&#8221;4_4&#8243; _builder_version=&#8221;4.27.4&#8243; _module_preset=&#8221;default&#8221; global_colors_info=&#8221;{}&#8221;][et_pb_text _builder_version=&#8221;4.27.4&#8243; custom_margin=&#8221;||0px||false|false&#8221; animation_style=&#8221;slide&#8221; animation_direction=&#8221;left&#8221; global_colors_info=&#8221;{}&#8221;]<\/p>\n<h1><strong>JHS 10e anniversaire<\/strong><\/h1>\n<p>[\/et_pb_text][et_pb_divider divider_weight=&#8221;5px&#8221; _builder_version=&#8221;4.16&#8243; width=&#8221;7%&#8221; animation_style=&#8221;slide&#8221; animation_direction=&#8221;left&#8221; locked=&#8221;off&#8221; global_colors_info=&#8221;{}&#8221;][\/et_pb_divider][et_pb_gallery gallery_ids=&#8221;1352,1353,1354,1355,1356,1357,1358,1359,1360,1361,1362,1363,1370,1364,1365,1366&#8243; posts_number=&#8221;20&#8243; _builder_version=&#8221;4.27.4&#8243; _module_preset=&#8221;default&#8221; global_colors_info=&#8221;{}&#8221;][\/et_pb_gallery][\/et_pb_column][\/et_pb_row][\/et_pb_section][et_pb_section fb_built=&#8221;1&#8243; admin_label=&#8221;section&#8221; _builder_version=&#8221;4.16&#8243; background_color=&#8221;#f7f7f7&#8243; transparent_background=&#8221;off&#8221; global_colors_info=&#8221;{}&#8221;][et_pb_row _builder_version=&#8221;4.16&#8243; global_colors_info=&#8221;{}&#8221;][et_pb_column type=&#8221;4_4&#8243; _builder_version=&#8221;4.16&#8243; global_colors_info=&#8221;{}&#8221;][et_pb_text _builder_version=&#8221;4.27.4&#8243; custom_margin=&#8221;||0px||false|false&#8221; animation_style=&#8221;slide&#8221; animation_direction=&#8221;left&#8221; global_colors_info=&#8221;{}&#8221;]<\/p>\n<h1><strong>Certifications<\/strong><\/h1>\n<p>[\/et_pb_text][et_pb_divider divider_weight=&#8221;5px&#8221; _builder_version=&#8221;4.16&#8243; width=&#8221;7%&#8221; animation_style=&#8221;slide&#8221; animation_direction=&#8221;left&#8221; locked=&#8221;off&#8221; global_colors_info=&#8221;{}&#8221;][\/et_pb_divider][\/et_pb_column][\/et_pb_row][et_pb_row column_structure=&#8221;1_3,1_3,1_3&#8243; _builder_version=&#8221;4.27.4&#8243; _module_preset=&#8221;default&#8221; global_colors_info=&#8221;{}&#8221;][et_pb_column type=&#8221;1_3&#8243; _builder_version=&#8221;4.27.4&#8243; _module_preset=&#8221;default&#8221; global_colors_info=&#8221;{}&#8221;][et_pb_image src=&#8221;https:\/\/www.jhs.com.pt\/novo\/wp-content\/uploads\/2025\/12\/Apcer_thumb.jpg&#8221; url=&#8221;https:\/\/www.jhs.com.pt\/novo\/wp-content\/uploads\/2025\/12\/signed_25.CEP_.6308-JHS-Solucoes-e-Componentes-Industriais.pdf&#8221; url_new_window=&#8221;on&#8221; _builder_version=&#8221;4.27.4&#8243; _module_preset=&#8221;default&#8221; global_colors_info=&#8221;{}&#8221;][\/et_pb_image][\/et_pb_column][et_pb_column type=&#8221;1_3&#8243; _builder_version=&#8221;4.27.4&#8243; _module_preset=&#8221;default&#8221; global_colors_info=&#8221;{}&#8221;][et_pb_image src=&#8221;https:\/\/www.jhs.com.pt\/novo\/wp-content\/uploads\/2025\/12\/Iqnet_thumb.jpg&#8221; url=&#8221;https:\/\/www.jhs.com.pt\/novo\/wp-content\/uploads\/2025\/12\/signed_IQnet-25.CEP_.6308-JHS-Solucoes-e-Componentes-Industriais.pdf&#8221; url_new_window=&#8221;on&#8221; _builder_version=&#8221;4.27.4&#8243; _module_preset=&#8221;default&#8221; global_colors_info=&#8221;{}&#8221;][\/et_pb_image][\/et_pb_column][et_pb_column type=&#8221;1_3&#8243; _builder_version=&#8221;4.27.4&#8243; _module_preset=&#8221;default&#8221; global_colors_info=&#8221;{}&#8221;][et_pb_image src=&#8221;https:\/\/www.jhs.com.pt\/novo\/wp-content\/uploads\/2025\/01\/Top10-setores.jpg&#8221; url=&#8221;https:\/\/www.jhs.com.pt\/novo\/wp-content\/uploads\/2025\/01\/DOC151123-15112023180347.pdf&#8221; _builder_version=&#8221;4.27.4&#8243; _module_preset=&#8221;default&#8221; global_colors_info=&#8221;{}&#8221;][\/et_pb_image][\/et_pb_column][\/et_pb_row][et_pb_row column_structure=&#8221;1_3,1_3,1_3&#8243; _builder_version=&#8221;4.27.4&#8243; _module_preset=&#8221;default&#8221; global_colors_info=&#8221;{}&#8221;][et_pb_column type=&#8221;1_3&#8243; _builder_version=&#8221;4.27.4&#8243; _module_preset=&#8221;default&#8221; global_colors_info=&#8221;{}&#8221;][et_pb_image src=&#8221;https:\/\/www.jhs.com.pt\/novo\/wp-content\/uploads\/2025\/01\/Ecolub_2022.jpg&#8221; url=&#8221;https:\/\/www.jhs.com.pt\/novo\/wp-content\/uploads\/2025\/01\/DOC151123-15112023174703.pdf&#8221; _builder_version=&#8221;4.27.4&#8243; _module_preset=&#8221;default&#8221; global_colors_info=&#8221;{}&#8221;][\/et_pb_image][\/et_pb_column][et_pb_column type=&#8221;1_3&#8243; _builder_version=&#8221;4.27.4&#8243; _module_preset=&#8221;default&#8221; global_colors_info=&#8221;{}&#8221;][et_pb_image src=&#8221;https:\/\/www.jhs.com.pt\/novo\/wp-content\/uploads\/2025\/01\/Gazela.jpg&#8221; url=&#8221;https:\/\/www.jhs.com.pt\/novo\/wp-content\/uploads\/2025\/01\/DOC151123-15112023175649.pdf&#8221; _builder_version=&#8221;4.27.4&#8243; _module_preset=&#8221;default&#8221; global_colors_info=&#8221;{}&#8221;][\/et_pb_image][\/et_pb_column][et_pb_column type=&#8221;1_3&#8243; _builder_version=&#8221;4.27.4&#8243; _module_preset=&#8221;default&#8221; global_colors_info=&#8221;{}&#8221;][\/et_pb_column][\/et_pb_row][et_pb_row column_structure=&#8221;1_3,1_3,1_3&#8243; _builder_version=&#8221;4.27.4&#8243; _module_preset=&#8221;default&#8221; global_colors_info=&#8221;{}&#8221;][et_pb_column type=&#8221;1_3&#8243; _builder_version=&#8221;4.27.4&#8243; _module_preset=&#8221;default&#8221; global_colors_info=&#8221;{}&#8221;][et_pb_image src=&#8221;https:\/\/www.jhs.com.pt\/novo\/wp-content\/uploads\/2025\/01\/pme-lider22.jpg&#8221; url=&#8221;https:\/\/www.jhs.com.pt\/novo\/wp-content\/uploads\/2025\/01\/DOC151123-15112023175723.pdf&#8221; _builder_version=&#8221;4.27.4&#8243; _module_preset=&#8221;default&#8221; global_colors_info=&#8221;{}&#8221;][\/et_pb_image][\/et_pb_column][et_pb_column type=&#8221;1_3&#8243; _builder_version=&#8221;4.27.4&#8243; _module_preset=&#8221;default&#8221; global_colors_info=&#8221;{}&#8221;][et_pb_image src=&#8221;https:\/\/www.jhs.com.pt\/novo\/wp-content\/uploads\/2025\/01\/Excelencia21.jpg&#8221; url=&#8221;https:\/\/www.jhs.com.pt\/novo\/wp-content\/uploads\/2025\/01\/DOC151123-15112023175830.pdf&#8221; _builder_version=&#8221;4.27.4&#8243; _module_preset=&#8221;default&#8221; global_colors_info=&#8221;{}&#8221;][\/et_pb_image][\/et_pb_column][et_pb_column type=&#8221;1_3&#8243; _builder_version=&#8221;4.27.4&#8243; _module_preset=&#8221;default&#8221; global_colors_info=&#8221;{}&#8221;][et_pb_image src=&#8221;https:\/\/www.jhs.com.pt\/novo\/wp-content\/uploads\/2025\/01\/Excelencia19.jpg&#8221; url=&#8221;https:\/\/www.jhs.com.pt\/novo\/wp-content\/uploads\/2025\/01\/DOC151123-15112023175906.pdf&#8221; _builder_version=&#8221;4.27.4&#8243; _module_preset=&#8221;default&#8221; global_colors_info=&#8221;{}&#8221;][\/et_pb_image][\/et_pb_column][\/et_pb_row][et_pb_row column_structure=&#8221;1_3,1_3,1_3&#8243; _builder_version=&#8221;4.27.4&#8243; _module_preset=&#8221;default&#8221; global_colors_info=&#8221;{}&#8221;][et_pb_column type=&#8221;1_3&#8243; _builder_version=&#8221;4.27.4&#8243; _module_preset=&#8221;default&#8221; global_colors_info=&#8221;{}&#8221;][et_pb_image src=&#8221;https:\/\/www.jhs.com.pt\/novo\/wp-content\/uploads\/2025\/01\/Excelencia20.jpg&#8221; url=&#8221;https:\/\/www.jhs.com.pt\/novo\/wp-content\/uploads\/2025\/01\/DOC151123-15112023180033.pdf&#8221; _builder_version=&#8221;4.27.4&#8243; _module_preset=&#8221;default&#8221; global_colors_info=&#8221;{}&#8221;][\/et_pb_image][\/et_pb_column][et_pb_column type=&#8221;1_3&#8243; _builder_version=&#8221;4.27.4&#8243; _module_preset=&#8221;default&#8221; global_colors_info=&#8221;{}&#8221;][et_pb_image src=&#8221;https:\/\/www.jhs.com.pt\/novo\/wp-content\/uploads\/2025\/01\/pme-lider23.jpg&#8221; url=&#8221;https:\/\/www.jhs.com.pt\/novo\/wp-content\/uploads\/2025\/01\/Diploma.pdf&#8221; _builder_version=&#8221;4.27.4&#8243; _module_preset=&#8221;default&#8221; global_colors_info=&#8221;{}&#8221;][\/et_pb_image][\/et_pb_column][et_pb_column type=&#8221;1_3&#8243; _builder_version=&#8221;4.27.4&#8243; _module_preset=&#8221;default&#8221; global_colors_info=&#8221;{}&#8221;][\/et_pb_column][\/et_pb_row][et_pb_row column_structure=&#8221;1_4,1_4,1_4,1_4&#8243; admin_label=&#8221;row&#8221; _builder_version=&#8221;4.16&#8243; background_size=&#8221;initial&#8221; background_position=&#8221;top_left&#8221; background_repeat=&#8221;repeat&#8221; global_colors_info=&#8221;{}&#8221;][et_pb_column type=&#8221;1_4&#8243; _builder_version=&#8221;4.16&#8243; custom_padding=&#8221;|||&#8221; global_colors_info=&#8221;{}&#8221; custom_padding__hover=&#8221;|||&#8221;][et_pb_text _builder_version=&#8221;4.23.4&#8243; background_size=&#8221;initial&#8221; background_position=&#8221;top_left&#8221; background_repeat=&#8221;repeat&#8221; use_border_color=&#8221;off&#8221; border_style=&#8221;solid&#8221; global_colors_info=&#8221;{}&#8221;]<\/p>\n<h2>PME\u2019s<\/h2>\n<p><img loading=\"lazy\" decoding=\"async\" src=\"https:\/\/www.jhs.com.pt\/novo\/wp-content\/uploads\/2020\/11\/PME_texto_preto-300x101.png\" width=\"300\" height=\"101\" alt=\"\" class=\"wp-image-822 alignnone size-medium\"><\/p>\n<p>[\/et_pb_text][\/et_pb_column][et_pb_column type=&#8221;1_4&#8243; _builder_version=&#8221;4.16&#8243; custom_padding=&#8221;|||&#8221; global_colors_info=&#8221;{}&#8221; custom_padding__hover=&#8221;|||&#8221;][et_pb_text _builder_version=&#8221;4.23.4&#8243; background_size=&#8221;initial&#8221; background_position=&#8221;top_left&#8221; background_repeat=&#8221;repeat&#8221; use_border_color=&#8221;off&#8221; border_style=&#8221;solid&#8221; global_colors_info=&#8221;{}&#8221;]<\/p>\n<h2>ECOLUB<\/h2>\n<p><img loading=\"lazy\" decoding=\"async\" src=\"https:\/\/www.jhs.com.pt\/novo\/wp-content\/uploads\/2020\/09\/Certificado-ECOLUB-212x300.jpg\" width=\"212\" height=\"300\" alt=\"\" class=\"wp-image-678 alignnone size-medium\"><\/p>\n<p>[\/et_pb_text][\/et_pb_column][et_pb_column type=&#8221;1_4&#8243; _builder_version=&#8221;4.16&#8243; custom_padding=&#8221;|||&#8221; global_colors_info=&#8221;{}&#8221; custom_padding__hover=&#8221;|||&#8221;][et_pb_text _builder_version=&#8221;4.23.4&#8243; background_size=&#8221;initial&#8221; background_position=&#8221;top_left&#8221; background_repeat=&#8221;repeat&#8221; use_border_color=&#8221;off&#8221; border_style=&#8221;solid&#8221; global_colors_info=&#8221;{}&#8221;]<\/p>\n<h2>Label<\/h2>\n<p><img loading=\"lazy\" decoding=\"async\" src=\"https:\/\/www.jhs.com.pt\/novo\/wp-content\/uploads\/2020\/09\/513065067-SeloTop10-2019-300x106.png\" width=\"300\" height=\"106\" alt=\"\" class=\"wp-image-675 alignnone size-medium\"><\/p>\n<p>[\/et_pb_text][\/et_pb_column][et_pb_column type=&#8221;1_4&#8243; _builder_version=&#8221;4.16&#8243; custom_padding=&#8221;|||&#8221; global_colors_info=&#8221;{}&#8221; custom_padding__hover=&#8221;|||&#8221;][et_pb_text _builder_version=&#8221;4.23.4&#8243; background_size=&#8221;initial&#8221; background_position=&#8221;top_left&#8221; background_repeat=&#8221;repeat&#8221; use_border_color=&#8221;off&#8221; border_style=&#8221;solid&#8221; global_colors_info=&#8221;{}&#8221;]<\/p>\n<h2>IMPIC<\/h2>\n<p><img loading=\"lazy\" decoding=\"async\" src=\"https:\/\/www.jhs.com.pt\/novo\/wp-content\/uploads\/2020\/09\/IMPIC_-289x300.jpg\" width=\"289\" height=\"300\" alt=\"\" class=\"wp-image-686 alignnone size-medium\" srcset=\"https:\/\/www.jhs.com.pt\/novo\/wp-content\/uploads\/2020\/09\/IMPIC_-289x300.jpg 289w, https:\/\/www.jhs.com.pt\/novo\/wp-content\/uploads\/2020\/09\/IMPIC_.jpg 360w\" sizes=\"(max-width: 289px) 100vw, 289px\" \/><\/p>\n<p>[\/et_pb_text][\/et_pb_column][\/et_pb_row][\/et_pb_section]<\/p>\n","protected":false},"excerpt":{"rendered":"<p>Histoire et D\u00e9veloppementNous sommes une entreprise de r\u00e9f\u00e9rence dans le secteur de l\u2019Industrie M\u00e9tallom\u00e9canique, sp\u00e9cialis\u00e9e dans la production de pi\u00e8ces usin\u00e9es et la construction soud\u00e9e \u2014 domaines r\u00e9cemment certifi\u00e9s conform\u00e9ment \u00e0 la norme de Management de la Qualit\u00e9 NP EN ISO 9001. Cette reconnaissance formalise l\u2019engagement de l\u2019entreprise envers l\u2019excellence et l\u2019innovation, reposant sur la [&hellip;]<\/p>\n","protected":false},"author":1,"featured_media":0,"parent":0,"menu_order":0,"comment_status":"closed","ping_status":"closed","template":"","meta":{"_et_pb_use_builder":"on","_et_pb_old_content":"","_et_gb_content_width":"","footnotes":""},"class_list":["post-1984","page","type-page","status-publish","hentry"],"_links":{"self":[{"href":"https:\/\/www.jhs.com.pt\/fr\/wp-json\/wp\/v2\/pages\/1984","targetHints":{"allow":["GET"]}}],"collection":[{"href":"https:\/\/www.jhs.com.pt\/fr\/wp-json\/wp\/v2\/pages"}],"about":[{"href":"https:\/\/www.jhs.com.pt\/fr\/wp-json\/wp\/v2\/types\/page"}],"author":[{"embeddable":true,"href":"https:\/\/www.jhs.com.pt\/fr\/wp-json\/wp\/v2\/users\/1"}],"replies":[{"embeddable":true,"href":"https:\/\/www.jhs.com.pt\/fr\/wp-json\/wp\/v2\/comments?post=1984"}],"version-history":[{"count":4,"href":"https:\/\/www.jhs.com.pt\/fr\/wp-json\/wp\/v2\/pages\/1984\/revisions"}],"predecessor-version":[{"id":2156,"href":"https:\/\/www.jhs.com.pt\/fr\/wp-json\/wp\/v2\/pages\/1984\/revisions\/2156"}],"wp:attachment":[{"href":"https:\/\/www.jhs.com.pt\/fr\/wp-json\/wp\/v2\/media?parent=1984"}],"curies":[{"name":"wp","href":"https:\/\/api.w.org\/{rel}","templated":true}]}}